{"id":11857,"date":"2023-12-18T09:07:06","date_gmt":"2023-12-18T08:07:06","guid":{"rendered":"https:\/\/www.borg-murau.at\/web10\/?page_id=11857"},"modified":"2024-02-14T11:45:44","modified_gmt":"2024-02-14T10:45:44","slug":"notfallplan","status":"publish","type":"page","link":"https:\/\/www.borg-murau.at\/web10\/notfallplan\/","title":{"rendered":"Notfallplan"},"content":{"rendered":"\t\t<div data-elementor-type=\"wp-page\" data-elementor-id=\"11857\" class=\"elementor elementor-11857\" data-elementor-post-type=\"page\">\n\t\t\t\t<div class=\"elementor-element elementor-element-b45716a e-flex e-con-boxed e-con e-parent\" data-id=\"b45716a\" data-element_type=\"container\" data-e-type=\"container\">\n\t\t\t\t\t<div class=\"e-con-inner\">\n\t\t\t\t<div class=\"elementor-element elementor-element-a825d69 elementor-widget elementor-widget-text-editor\" data-id=\"a825d69\" data-element_type=\"widget\" data-e-type=\"widget\" data-widget_type=\"text-editor.default\">\n\t\t\t\t\t\t\t\t\t<p><strong>Notfallplan bei einem Blackout\u00a0\u00a0\u00a0\u00a0\u00a0\u00a0\u00a0\u00a0\u00a0\u00a0\u00a0\u00a0\u00a0\u00a0\u00a0\u00a0\u00a0\u00a0\u00a0\u00a0\u00a0\u00a0\u00a0\u00a0\u00a0\u00a0\u00a0\u00a0\u00a0\u00a0\u00a0\u00a0\u00a0 Stand Dezember 2023<\/strong><\/p><ul><li>Bei Verdacht eines Blackouts trifft sich das Krisenteam in der Kanzlei der Clusterleitung.<\/li><li>In der Folge wird recherchiert, ob tats\u00e4chlich ein Blackout vorliegt. Dies erfolgt durch das Krisenteam, die Entscheidung obliegt der Clusterleitung.<\/li><li>Sch\u00fcler und Lehrer m\u00fcssen zun\u00e4chst in den jeweiligen Klassen bleiben. Ein Vertreter des Krisenteams \u00fcbermittelt die Klassenlisten, auf welchen ersichtlich ist, wer wie gem\u00e4\u00df Entlassungsmanagement nach Hause kommt, in die jeweilige Klasse. Diese Listen liegen in den beiden Sekretariaten auf.<ul><li>Zugsch\u00fcler (Murtalbahn) d\u00fcrfen, wenn dies im Entlassungsmanagement von den Eltern so angef\u00fchrt wird, den fr\u00fchestm\u00f6glichen Zug nehmen, da zur Zeit der Betrieb nicht l\u00e4nger als 3 Stunden nach Beginn des Blackouts gew\u00e4hrleistet erscheint.<\/li><li>Bussch\u00fcler:innen nehmen den fr\u00fchesten Bus ab 11:45. Die Busse der Steirischen Landesbahn fahren aus heutiger Sicht den gesamten Tag, an dem der Blackout eingetreten ist.<\/li><li>Sollten Busse oder Z\u00fcge wider Erwarten nicht verkehren, so m\u00fcssen die Sch\u00fcler:innen in die Schule zur\u00fcckkommen. Dies ist ebenfalls auf den Klassenlisten zu protokollieren<\/li><li>Unterricht wird f\u00fcr die verbleibenden Personen, wenn m\u00f6glich, gem\u00e4\u00df Stundenplan bis 13:45 weitergef\u00fchrt.<\/li><\/ul><\/li><li>Die jeweilige Lehrperson, die die Klasse unterrichtet, f\u00fchrt ein Protokoll dar\u00fcber, wer gem\u00e4\u00df Entlassungsmanagement sich auf den Heimweg begibt.<\/li><li>Nach 11:45 Uhr gehen die verbleibenden Sch\u00fcler:innen mit den Lehrerinnen in ihre Stammklassen.<\/li><li>Ab 13:45 Uhr: Es d\u00fcrften sich nicht mehr viele Sch\u00fcler:innen im Schulgeb\u00e4ude befinden, aus diesem Grund erfolgt voraussichtlich folgende Einteilung:<ul><li>BORG\u00a0<ul><li>5. Jahrgang im Stammraum der 5A<\/li><li>6. Jahrgang im Stammraum der 6A<\/li><li>7. Jahrgang im Stammraum der 7A<\/li><li>8. Jahrgang im Stammraum der 8A<\/li><\/ul><\/li><li>HLW\/FW:<ul><li>Fachschule und 1. Jahrgang Stammraum des 1. Jahrganges.\u00a0<\/li><li>2.\u00a0 und 3. Jahrgang Stammraum des 2. Jahrgange<\/li><li>4. und 5. Jahrgang Stammraum des 3. Jahrganges<\/li><\/ul><\/li><li>Auf einer Liste am Haupteingang wird der Standort der jeweiligen Klasse bzw. Jahrganges ersichtlich sein.<\/li><li>Eine zus\u00e4tzliche Anlaufstelle f\u00fcr Eltern ist das jeweilige Sekretariat.<\/li><li>Zumindest am ersten Tag ist ein Sekretariat, BORG oder HLW\/FW, bis mindestens 18:00 Uhr besetzt. <br \/>Danach wird mittels eines Zettels am Haupteingang und an den Sekretariatst\u00fcren kommuniziert, wie man eine Ansprechperson vor Ort erreicht.<\/li><li>Es bedarf der R\u00fccksprache mit der Clusterleitung, wenn eine Lehrperson das Schulgeb\u00e4ude verl\u00e4sst.<\/li><li>Es gibt einen Pool an Lehrerinnen und Lehrern, die w\u00e4hrend des Blackouts, auch in der Nacht, die Aufsicht \u00fcber die an der Schule verbleibenden Sch\u00fclerinnen und Sch\u00fcler \u00fcbernehmen.<\/li><li>F\u00fcr Eltern besteht auch in der Nacht die M\u00f6glichkeit, ihre Kinder abzuholen. Die Vorgangsweise wird an der T\u00fcr des Einganges beim Lehrer:innenparkplatz beschrieben.<\/li><li>Nach dem Ende des Blackouts werden die Eltern \u00fcber die Homepage oder MS-Teams bez\u00fcglich der Wiederaufnahme des regul\u00e4ren Unterrichts informiert.<\/li><\/ul><\/li><\/ul><p>Bitte diesen Notfallplan ausdrucken, da im Falle eines Blackouts das Internet nicht funktioniert. Nat\u00fcrlich wird die oben beschrieben Vorgangsweise st\u00e4ndig optimiert und adaptiert, weshalb wir Sie bitten, in regelm\u00e4\u00dfigen Abst\u00e4nden diese Seite aufzurufen.<\/p><p>Wir alle hoffen, dass dieser Notfallplan nie zur Anwendung kommen muss.<\/p><p>Mit freundlichen Gr\u00fc\u00dfen<\/p><p>Mag. Manfred Regner, Leiter des Bundesschulclusters Murau (BORG und HLW\/FW)<\/p>\t\t\t\t\t\t\t\t<\/div>\n\t\t\t\t\t<\/div>\n\t\t\t\t<\/div>\n\t\t\t\t<\/div>\n\t\t","protected":false},"excerpt":{"rendered":"<p>Notfallplan bei einem Blackout\u00a0\u00a0\u00a0\u00a0\u00a0\u00a0\u00a0\u00a0\u00a0\u00a0\u00a0\u00a0\u00a0\u00a0\u00a0\u00a0\u00a0\u00a0\u00a0\u00a0\u00a0\u00a0\u00a0\u00a0\u00a0\u00a0\u00a0\u00a0\u00a0\u00a0\u00a0\u00a0\u00a0 Stand Dezember 2023 Bei Verdacht eines Blackouts trifft sich das Krisenteam in der Kanzlei der Clusterleitung. In der Folge wird recherchiert, ob tats\u00e4chlich ein Blackout vorliegt. [&hellip;]<\/p>\n","protected":false},"author":1,"featured_media":0,"parent":0,"menu_order":0,"comment_status":"closed","ping_status":"closed","template":"","meta":{"site-sidebar-layout":"no-sidebar","site-content-layout":"page-builder","ast-site-content-layout":"full-width-container","site-content-style":"default","site-sidebar-style":"default","ast-global-header-display":"","ast-banner-title-visibility":"","ast-main-header-display":"","ast-hfb-above-header-display":"","ast-hfb-below-header-display":"","ast-hfb-mobile-header-display":"","site-post-title":"disabled","ast-breadcrumbs-content":"","ast-featured-img":"disabled","footer-sml-layout":"","ast-disable-related-posts":"","theme-transparent-header-meta":"","adv-header-id-meta":"","stick-header-meta":"","header-above-stick-meta":"","header-main-stick-meta":"","header-below-stick-meta":"","astra-migrate-meta-layouts":"default","ast-page-background-enabled":"default","ast-page-background-meta":{"desktop":{"background-color":"var(--ast-global-color-4)","background-image":"","background-repeat":"repeat","background-position":"center center","background-size":"auto","background-attachment":"scroll","background-type":"","background-media":"","overlay-type":"","overlay-color":"","overlay-opacity":"","overlay-gradient":""},"tablet":{"background-color":"","background-image":"","background-repeat":"repeat","background-position":"center center","background-size":"auto","background-attachment":"scroll","background-type":"","background-media":"","overlay-type":"","overlay-color":"","overlay-opacity":"","overlay-gradient":""},"mobile":{"background-color":"","background-image":"","background-repeat":"repeat","background-position":"center center","background-size":"auto","background-attachment":"scroll","background-type":"","background-media":"","overlay-type":"","overlay-color":"","overlay-opacity":"","overlay-gradient":""}},"ast-content-background-meta":{"desktop":{"background-color":"var(--ast-global-color-5)","background-image":"","background-repeat":"repeat","background-position":"center center","background-size":"auto","background-attachment":"scroll","background-type":"","background-media":"","overlay-type":"","overlay-color":"","overlay-opacity":"","overlay-gradient":""},"tablet":{"background-color":"var(--ast-global-color-5)","background-image":"","background-repeat":"repeat","background-position":"center center","background-size":"auto","background-attachment":"scroll","background-type":"","background-media":"","overlay-type":"","overlay-color":"","overlay-opacity":"","overlay-gradient":""},"mobile":{"background-color":"var(--ast-global-color-5)","background-image":"","background-repeat":"repeat","background-position":"center center","background-size":"auto","background-attachment":"scroll","background-type":"","background-media":"","overlay-type":"","overlay-color":"","overlay-opacity":"","overlay-gradient":""}},"footnotes":""},"class_list":["post-11857","page","type-page","status-publish","hentry"],"jetpack_sharing_enabled":true,"_links":{"self":[{"href":"https:\/\/www.borg-murau.at\/web10\/wp-json\/wp\/v2\/pages\/11857","targetHints":{"allow":["GET"]}}],"collection":[{"href":"https:\/\/www.borg-murau.at\/web10\/wp-json\/wp\/v2\/pages"}],"about":[{"href":"https:\/\/www.borg-murau.at\/web10\/wp-json\/wp\/v2\/types\/page"}],"author":[{"embeddable":true,"href":"https:\/\/www.borg-murau.at\/web10\/wp-json\/wp\/v2\/users\/1"}],"replies":[{"embeddable":true,"href":"https:\/\/www.borg-murau.at\/web10\/wp-json\/wp\/v2\/comments?post=11857"}],"version-history":[{"count":24,"href":"https:\/\/www.borg-murau.at\/web10\/wp-json\/wp\/v2\/pages\/11857\/revisions"}],"predecessor-version":[{"id":12055,"href":"https:\/\/www.borg-murau.at\/web10\/wp-json\/wp\/v2\/pages\/11857\/revisions\/12055"}],"wp:attachment":[{"href":"https:\/\/www.borg-murau.at\/web10\/wp-json\/wp\/v2\/media?parent=11857"}],"curies":[{"name":"wp","href":"https:\/\/api.w.org\/{rel}","templated":true}]}}