{"id":4562,"date":"2022-12-29T20:51:07","date_gmt":"2022-12-29T19:51:07","guid":{"rendered":"https:\/\/www.borg-murau.at\/web10\/?page_id=4562"},"modified":"2026-01-07T08:20:51","modified_gmt":"2026-01-07T07:20:51","slug":"eignungstest","status":"publish","type":"page","link":"https:\/\/www.borg-murau.at\/web10\/eignungstest\/","title":{"rendered":"Eignungstest"},"content":{"rendered":"\t\t<div data-elementor-type=\"wp-page\" data-elementor-id=\"4562\" class=\"elementor elementor-4562\" data-elementor-post-type=\"page\">\n\t\t\t\t<div class=\"elementor-element elementor-element-7079db5 e-con-full e-flex e-con e-parent\" data-id=\"7079db5\" data-element_type=\"container\" data-e-type=\"container\">\n\t\t\t\t<div class=\"elementor-element elementor-element-2f76dff elementor-widget elementor-widget-text-editor\" data-id=\"2f76dff\" data-element_type=\"widget\" data-e-type=\"widget\" data-widget_type=\"text-editor.default\">\n\t\t\t\t\t\t\t\t\t<h1><span style=\"color: #1e7deb;\"><strong>SPORTEIGNUNGSTEST<\/strong><\/span><\/h1><h3>\u00a0<\/h3><h3><strong>04. Februar 2026, 10:30 Uhr BORG Murau<\/strong><\/h3><h4>\u00a0<\/h4><h4><strong>Treffpunkt:<\/strong>\u00a0in der Aula der Schule<\/h4><p>Anmeldungen zum Eignungstest sind bis zum <strong>31. J\u00e4nner &#8211; 12:00 Uhr<\/strong> m\u00f6glich.<\/p><p>F\u00fcr die Teilnahme am Eignungstest ist eine Sporttauglichkeitsbest\u00e4tigung notwendig!<\/p><p><a href=\"https:\/\/www.borg-murau.at\/web10\/wp-content\/uploads\/2024\/11\/Sport_Eignungstest_Anmeldung.pdf\">ANMELDEFORMULAR<\/a> f\u00fcr den Aufnahmetest an\u00a0<span id=\"cloak8553573747b421ae41cd524fb7ef11f2\"><a href=\"mailto:office@borgmurau.at\">office@borgmurau.at<\/a><\/span><\/p><p>SPORTTAUGLICHKEITSBEST\u00c4TIGUNG: <a href=\"https:\/\/www.borg-murau.at\/web10\/wp-content\/uploads\/2023\/11\/SPORTTAUGLICHKEITS-BESTATIGUNG.docx\">WO<\/a><a href=\"https:\/\/www.borg-murau.at\/web10\/wp-content\/uploads\/2023\/11\/SPORTTAUGLICHKEITS-BESTATIGUNG.docx\">RD-Dokument<\/a><\/p><p>Die Anmeldung ist auch telefonisch m\u00f6glich: 05-0248-037<\/p><p>\u00a0<\/p>\t\t\t\t\t\t\t\t<\/div>\n\t\t\t\t<\/div>\n\t\t<div class=\"elementor-element elementor-element-ceb49d0 e-con-full e-flex e-con e-parent\" data-id=\"ceb49d0\" data-element_type=\"container\" data-e-type=\"container\">\n\t\t<div class=\"elementor-element elementor-element-ed62963 e-con-full e-flex e-con e-child\" data-id=\"ed62963\" data-element_type=\"container\" data-e-type=\"container\">\n\t\t\t\t<div class=\"elementor-element elementor-element-e0db9f7 elementor-widget elementor-widget-text-editor\" data-id=\"e0db9f7\" data-element_type=\"widget\" data-e-type=\"widget\" data-widget_type=\"text-editor.default\">\n\t\t\t\t\t\t\t\t\t<h4><strong>INFORMATIONEN F\u00dcR DEN EIGNUNGSTEST:<\/strong><\/h4><p><strong>Ausr\u00fcstung: Sportbekleidung und Schuhe f\u00fcr die Halle!<br \/><\/strong><\/p><p>\u00a0<\/p><h4>Sportspiele<\/h4><ul><li>Ballkoordination (werfen, fangen, prellen)<\/li><li>Basketball: Dribbling und Korbwurf<\/li><li>Volleyball: Baggern und oberes Zuspiel (Pritschen)<\/li><li>Burschen und M\u00e4dchen mit Schwerpunkt Fu\u00dfball: Technische \u00dcbungen und Spiel<\/li><\/ul><h4>Geschicklichkeit und Koordination<\/h4><ul><li>Hindernisparcours (siehe Video rechts)<\/li><\/ul><h4>Bodenturnen<\/h4><ul><li>Fl\u00fcchtiger Handstand + Abrollen<\/li><li>Rolle (vorw\u00e4rts und r\u00fcckw\u00e4rts)<\/li><li>Rad (Grobform, beliebige Seite)<\/li><\/ul>\t\t\t\t\t\t\t\t<\/div>\n\t\t\t\t<\/div>\n\t\t<div class=\"elementor-element elementor-element-9eee391 e-con-full e-flex e-con e-child\" data-id=\"9eee391\" data-element_type=\"container\" data-e-type=\"container\">\n\t\t\t\t<div class=\"elementor-element elementor-element-6457261 elementor-widget elementor-widget-video\" data-id=\"6457261\" data-element_type=\"widget\" data-e-type=\"widget\" data-settings=\"{&quot;video_type&quot;:&quot;hosted&quot;,&quot;controls&quot;:&quot;yes&quot;}\" data-widget_type=\"video.default\">\n\t\t\t\t\t\t\t<div class=\"e-hosted-video elementor-wrapper elementor-open-inline\">\n\t\t\t\t\t<video class=\"elementor-video\" src=\"https:\/\/www.borg-murau.at\/web10\/wp-content\/uploads\/2023\/10\/aufnahmetest_sport.mp4\" controls=\"\" preload=\"metadata\" controlsList=\"nodownload\"><\/video>\n\t\t\t\t<\/div>\n\t\t\t\t\t\t<\/div>\n\t\t\t\t<\/div>\n\t\t\t\t<\/div>\n\t\t\t\t<\/div>\n\t\t","protected":false},"excerpt":{"rendered":"<p>SPORTEIGNUNGSTEST \u00a0 04. Februar 2026, 10:30 Uhr BORG Murau \u00a0 Treffpunkt:\u00a0in der Aula der Schule Anmeldungen zum Eignungstest sind bis zum 31. J\u00e4nner &#8211; 12:00 Uhr m\u00f6glich. F\u00fcr die Teilnahme [&hellip;]<\/p>\n","protected":false},"author":1,"featured_media":0,"parent":0,"menu_order":0,"comment_status":"closed","ping_status":"closed","template":"","meta":{"site-sidebar-layout":"no-sidebar","site-content-layout":"page-builder","ast-site-content-layout":"default","site-content-style":"default","site-sidebar-style":"default","ast-global-header-display":"","ast-banner-title-visibility":"","ast-main-header-display":"","ast-hfb-above-header-display":"","ast-hfb-below-header-display":"","ast-hfb-mobile-header-display":"","site-post-title":"disabled","ast-breadcrumbs-content":"","ast-featured-img":"disabled","footer-sml-layout":"","theme-transparent-header-meta":"","adv-header-id-meta":"","stick-header-meta":"","header-above-stick-meta":"","header-main-stick-meta":"","header-below-stick-meta":"","astra-migrate-meta-layouts":"default","ast-page-background-enabled":"default","ast-page-background-meta":{"desktop":{"background-color":"var(--ast-global-color-4)","background-image":"","background-repeat":"repeat","background-position":"center center","background-size":"auto","background-attachment":"scroll","background-type":"","background-media":"","overlay-type":"","overlay-color":"","overlay-opacity":"","overlay-gradient":""},"tablet":{"background-color":"","background-image":"","background-repeat":"repeat","background-position":"center center","background-size":"auto","background-attachment":"scroll","background-type":"","background-media":"","overlay-type":"","overlay-color":"","overlay-opacity":"","overlay-gradient":""},"mobile":{"background-color":"","background-image":"","background-repeat":"repeat","background-position":"center center","background-size":"auto","background-attachment":"scroll","background-type":"","background-media":"","overlay-type":"","overlay-color":"","overlay-opacity":"","overlay-gradient":""}},"ast-content-background-meta":{"desktop":{"background-color":"var(--ast-global-color-5)","background-image":"","background-repeat":"repeat","background-position":"center center","background-size":"auto","background-attachment":"scroll","background-type":"","background-media":"","overlay-type":"","overlay-color":"","overlay-opacity":"","overlay-gradient":""},"tablet":{"background-color":"var(--ast-global-color-5)","background-image":"","background-repeat":"repeat","background-position":"center center","background-size":"auto","background-attachment":"scroll","background-type":"","background-media":"","overlay-type":"","overlay-color":"","overlay-opacity":"","overlay-gradient":""},"mobile":{"background-color":"var(--ast-global-color-5)","background-image":"","background-repeat":"repeat","background-position":"center center","background-size":"auto","background-attachment":"scroll","background-type":"","background-media":"","overlay-type":"","overlay-color":"","overlay-opacity":"","overlay-gradient":""}},"footnotes":""},"class_list":["post-4562","page","type-page","status-publish","hentry"],"jetpack_sharing_enabled":true,"_links":{"self":[{"href":"https:\/\/www.borg-murau.at\/web10\/wp-json\/wp\/v2\/pages\/4562","targetHints":{"allow":["GET"]}}],"collection":[{"href":"https:\/\/www.borg-murau.at\/web10\/wp-json\/wp\/v2\/pages"}],"about":[{"href":"https:\/\/www.borg-murau.at\/web10\/wp-json\/wp\/v2\/types\/page"}],"author":[{"embeddable":true,"href":"https:\/\/www.borg-murau.at\/web10\/wp-json\/wp\/v2\/users\/1"}],"replies":[{"embeddable":true,"href":"https:\/\/www.borg-murau.at\/web10\/wp-json\/wp\/v2\/comments?post=4562"}],"version-history":[{"count":12,"href":"https:\/\/www.borg-murau.at\/web10\/wp-json\/wp\/v2\/pages\/4562\/revisions"}],"predecessor-version":[{"id":14132,"href":"https:\/\/www.borg-murau.at\/web10\/wp-json\/wp\/v2\/pages\/4562\/revisions\/14132"}],"wp:attachment":[{"href":"https:\/\/www.borg-murau.at\/web10\/wp-json\/wp\/v2\/media?parent=4562"}],"curies":[{"name":"wp","href":"https:\/\/api.w.org\/{rel}","templated":true}]}}