{"id":8303,"date":"2023-01-21T10:19:34","date_gmt":"2023-01-21T09:19:34","guid":{"rendered":"https:\/\/www.borg-murau.at\/web10\/?page_id=8303"},"modified":"2023-02-25T11:19:47","modified_gmt":"2023-02-25T10:19:47","slug":"kreativ_weiterbildung","status":"publish","type":"page","link":"https:\/\/www.borg-murau.at\/web10\/kreativ_weiterbildung\/","title":{"rendered":"Kreativ_Weiterbildung"},"content":{"rendered":"\t\t<div data-elementor-type=\"wp-page\" data-elementor-id=\"8303\" class=\"elementor elementor-8303\" data-elementor-post-type=\"page\">\n\t\t\t\t<div class=\"elementor-element elementor-element-4f52164 e-con-full e-flex e-con e-parent\" data-id=\"4f52164\" data-element_type=\"container\" data-e-type=\"container\">\n\t\t<div class=\"elementor-element elementor-element-e6a22cb e-con-full e-flex e-con e-parent\" data-id=\"e6a22cb\" data-element_type=\"container\" data-e-type=\"container\" data-settings=\"{&quot;background_background&quot;:&quot;classic&quot;}\">\n\t\t\t\t<div class=\"elementor-element elementor-element-15b0081 elementor-widget elementor-widget-heading\" data-id=\"15b0081\" data-element_type=\"widget\" data-e-type=\"widget\" data-widget_type=\"heading.default\">\n\t\t\t\t\t<h2 class=\"elementor-heading-title elementor-size-default\">Spezielle Weiterbildungsm\u00f6glichkeiten<\/h2>\t\t\t\t<\/div>\n\t\t\t\t<\/div>\n\t\t\t\t<\/div>\n\t\t<div class=\"elementor-element elementor-element-8be8a18 e-con-full e-flex e-con e-parent\" data-id=\"8be8a18\" data-element_type=\"container\" data-e-type=\"container\" data-settings=\"{&quot;background_background&quot;:&quot;classic&quot;}\">\n\t\t<div class=\"elementor-element elementor-element-756b79c e-con-full e-flex e-con e-parent\" data-id=\"756b79c\" data-element_type=\"container\" data-e-type=\"container\">\n\t\t\t\t<div class=\"elementor-element elementor-element-20391b2 elementor-widget elementor-widget-text-editor\" data-id=\"20391b2\" data-element_type=\"widget\" data-e-type=\"widget\" data-widget_type=\"text-editor.default\">\n\t\t\t\t\t\t\t\t\t<p><span style=\"color: #ffffff;\"><strong>Das Reifepr\u00fcfungszeugnis\u00a0 aller unserer Typen berechtigt zum Besuch s\u00e4mtlicher<\/strong><\/span><\/p><ul><li><span style=\"color: #ffffff;\">Universit\u00e4ten<\/span><\/li><li><span style=\"color: #ffffff;\">(Fach)Hochschulen<\/span><\/li><li><span style=\"color: #ffffff;\">Akademien<\/span><\/li><li><span style=\"color: #ffffff;\">Kurzstudienlehrg\u00e4nge<\/span><\/li><\/ul>\t\t\t\t\t\t\t\t<\/div>\n\t\t\t\t<\/div>\n\t\t<div class=\"elementor-element elementor-element-84a66eb e-con-full e-flex e-con e-parent\" data-id=\"84a66eb\" data-element_type=\"container\" data-e-type=\"container\">\n\t\t\t\t<div class=\"elementor-element elementor-element-b30c3dc elementor-widget elementor-widget-text-editor\" data-id=\"b30c3dc\" data-element_type=\"widget\" data-e-type=\"widget\" data-widget_type=\"text-editor.default\">\n\t\t\t\t\t\t\t\t\t<h6><span style=\"color: #ffffff;\">Au\u00dferdem erm\u00f6glicht die AHS-Matura<\/span><\/h6><ul><li><span style=\"color: #ffffff;\">direkten Einstieg in die Berufswelt<\/span><\/li><li><span style=\"color: #ffffff;\">verk\u00fcrzte Lehrzeit in vielen Berufen<\/span><\/li><li><span style=\"color: #ffffff;\">bessere Aufstiegs- und Verdienstm\u00f6glichkeiten (z.B. Exekutive, \u00f6ffentlicher Dienst)<\/span><\/li><\/ul>\t\t\t\t\t\t\t\t<\/div>\n\t\t\t\t<\/div>\n\t\t\t\t<\/div>\n\t\t<div class=\"elementor-element elementor-element-156a430 e-con-full e-flex e-con e-parent\" data-id=\"156a430\" data-element_type=\"container\" data-e-type=\"container\">\n\t\t<div class=\"elementor-element elementor-element-b4c4b2d e-con-full e-flex e-con e-parent\" data-id=\"b4c4b2d\" data-element_type=\"container\" data-e-type=\"container\">\n\t\t\t\t<div class=\"elementor-element elementor-element-ccd5bf8 elementor-widget elementor-widget-text-editor\" data-id=\"ccd5bf8\" data-element_type=\"widget\" data-e-type=\"widget\" data-widget_type=\"text-editor.default\">\n\t\t\t\t\t\t\t\t\t<p>Der <span style=\"color: #000000;\"><strong>&#8220;BILDNERISCHE ZWEIG&#8221; <\/strong><\/span>bietet bessere Zugangsm\u00f6glichkeiten f\u00fcr fachspezifische Ausbildungen wie z. B.:<\/p><p><b><strong>GRAFIK &#8211; WERBUNG &#8211;\u00a0 (NEUE) MEDIEN<\/strong><\/b><\/p><p>Fotografie und Grafik-Design: <span style=\"text-decoration: underline;\"><a href=\"https:\/\/kunstuni-linz.at\/\" target=\"_blank\" rel=\"noopener\">Kunstuni Linz<\/a><\/span><\/p><p>Universit\u00e4tslehrgang f\u00fcr Fotografie: Krems (2 Jahre)<br \/>Lehrg\u00e4nge f\u00fcr Gebrauchsgrafik, Layoutgestaltung:z. B. HTBLA Graz <span style=\"text-decoration: underline;\">(<a href=\"http:\/\/www.ortweinschule.at\" target=\"_blank\" rel=\"noopener\">Ortweinschule<\/a>)<\/span><\/p><p>Speziallehrgang Grafik-Design: <span style=\"text-decoration: underline;\"><a href=\"https:\/\/www.graphische.net\/\" target=\"_blank\" rel=\"noopener\">H\u00f6here Grafische Lehr- u Versuchsanstalt Wien<\/a> (<\/span>2 Jahre)<br \/>Meisterklasse f\u00fcr Kommunikations-Design: Wien (ab 1 Jahr)<br \/>Werbegrafik u. kreative Gestaltung: Werbe-Akademie Wien (2 J.)<br \/>Universit\u00e4tslehrgang f\u00fcr Werbung und Verkauf: Wirtschaftsuniversit\u00e4t Wien (1 Jahr)<br \/>Lehrgang Design-Management: Dornbirn (1 Jahr)<br \/>Fachlehrgang Werbegrafik: WIFI Tirol (1 Jahr)<br \/>Kolleg f\u00fcr Grafikdesign: Linz (2 Jahre)<br \/>Mediengestaltung &#8211; Fotografie: Bakk.-Studium, Linz (3 Jahre)<br \/>Kolleg f\u00fcr Druck- und Medientechnik: Wien (2 Jahre)<br \/>FH &#8220;InterMedia&#8221;: (Dornbirn),\u00a0 FH &#8220;Informationsdesign&#8221;, &#8220;Media und Interactionsdesign&#8221;, &#8220;Austellungs und Museumsdesign&#8221;: <span style=\"text-decoration: underline;\"><a href=\"https:\/\/www.fh-joanneum.at\/\" target=\"_blank\" rel=\"noopener\">FH Joanneum Graz<\/a><\/span>,<\/p><p>&#8220;Multi-Media-Art&#8221;:<span style=\"text-decoration: underline;\"> <a href=\"https:\/\/www.fh-salzburg.ac.at\/studium\/ct\/multimediaart-bachelor\" target=\"_blank\" rel=\"noopener\">FH Salzburg<\/a> <\/span><\/p><p>Visuelle Mediengestaltung: Kunstuni Linz oder in Wien<\/p><p><b><strong>DESIGN &#8211; GESTALTUNG &#8211; MODE<\/strong><\/b><\/p><p>Fachschule f. Keramik, T\u00f6pferei u. Ofenbau: Stoob, (3 Jahre)<br \/>Kolleg f\u00fcr Kunsthandwerk und Design: Kramsach\/Tirol (2)<br \/>Kolleg Mode u. Bekleidungstechnik: Graz, Wien (2 Jahre)<br \/>Speziallehrgang f. Modedesign: Hetzendorf, Wien (3 Jahre)<\/p><p>B\u00fchnengestaltung:<span style=\"text-decoration: underline;\"> <a href=\"http:\/\/www.akbild.ac.at\">Akademie der Bildenden K\u00fcnste Wien<\/a>,<\/span> Mozarteum Salzburg, <span style=\"text-decoration: underline;\"><a href=\"http:\/\/www.kug.ac.at\">KunstUni Graz<\/a><\/span>,<\/p><p>Industrial Design: FH\u00a0 Joanneum Graz, Kunstuniversit\u00e4t Linz,\u00a0 di:&#8217;angewandte Wien,<br \/>Studien: Industrial Design, &#8220;K\u00fcnstlerisches und industr. Gestalten&#8221;, &#8220;Textil&#8221;,\u00a0 &#8220;Bildhauerei&#8221; , &#8220;B\u00fchnengestaltung&#8221;<\/p>\t\t\t\t\t\t\t\t<\/div>\n\t\t\t\t<\/div>\n\t\t<div class=\"elementor-element elementor-element-2658a7e e-con-full e-flex e-con e-parent\" data-id=\"2658a7e\" data-element_type=\"container\" data-e-type=\"container\">\n\t\t\t\t<div class=\"elementor-element elementor-element-88629e7 elementor-widget elementor-widget-text-editor\" data-id=\"88629e7\" data-element_type=\"widget\" data-e-type=\"widget\" data-widget_type=\"text-editor.default\">\n\t\t\t\t\t\t\t\t\t<p><b><strong>ARCHITEKTUR &#8211; RAUMGESTALTUNG &#8211; M\u00d6BELBAU<\/strong><\/b><\/p><p>Kolleg f\u00fcr Bautechnik, Farbgestaltung und Dekorationstechnik: M\u00f6dling, Baden, (2 Jahre)<br \/>Meisterklasse f\u00fcr Bautechnik-Restauration: HTBLA Krems (2 J)<br \/>Aufbaulehrgang f. M\u00f6bel- und Raumdesign: P\u00f6chlarn (2 Jahre)<br \/>Kolleg M\u00f6belbau u. Innenausbau: M\u00f6dling, Villach,\u00a0 (2 Jahre)<br \/>FH f\u00fcr Geb\u00e4udetechnik: Pinkafeld, Architektur-FH Graz<br \/>Studienzweige: &#8220;Architektur&#8221;, &#8220;Restaurierung und Konservierung\u0093,\u00a0 &#8220;Landschaftsplanung und Freiraumgestaltung&#8221;<\/p><p><strong>KUNSTUNIVERSIT\u00c4TEN:<\/strong><\/p><p>Lehramtsstudien\/P\u00e4dagogische Studien\/K\u00fcnstlerische und k\u00fcnstlerisch-technische Studien<\/p><ul><li><span style=\"text-decoration: underline;\"><a href=\"https:\/\/www.moz.ac.at\" target=\"_blank\" rel=\"noopener\">Mozarteum Salzburg<\/a><\/span><\/li><li><span style=\"text-decoration: underline;\"><a href=\"https:\/\/kunstuni-linz.at\/\" target=\"_blank\" rel=\"noopener\" data-wplink-edit=\"true\">Kunstuniversit\u00e4t Linz<\/a><\/span><\/li><li><span style=\"text-decoration: underline;\"><a href=\"http:\/\/www.akbild.ac.at\/\" target=\"_blank\" rel=\"noopener\" data-wplink-edit=\"true\">Akademie der bildenden K\u00fcnste Wien<\/a><\/span><\/li><li><span style=\"text-decoration: underline;\"><a href=\"http:\/\/www.dieangewandte.at\" target=\"_blank\" rel=\"noopener\">di:&#8217;angewandte<\/a><\/span><\/li><li><span style=\"text-decoration: underline;\"><a href=\"https:\/\/www.kug.ac.at\/\" target=\"_blank\" rel=\"noopener\">KunstUniGraz<\/a><\/span><\/li><\/ul>\t\t\t\t\t\t\t\t<\/div>\n\t\t\t\t<\/div>\n\t\t\t\t<\/div>\n\t\t<div class=\"elementor-element elementor-element-9cb4217 e-con-full e-flex e-con e-parent\" data-id=\"9cb4217\" data-element_type=\"container\" data-e-type=\"container\">\n\t\t\t\t<\/div>\n\t\t\t\t<\/div>\n\t\t","protected":false},"excerpt":{"rendered":"<p>Spezielle Weiterbildungsm\u00f6glichkeiten Das Reifepr\u00fcfungszeugnis\u00a0 aller unserer Typen berechtigt zum Besuch s\u00e4mtlicher Universit\u00e4ten (Fach)Hochschulen Akademien Kurzstudienlehrg\u00e4nge Au\u00dferdem erm\u00f6glicht die AHS-Matura direkten Einstieg in die Berufswelt verk\u00fcrzte Lehrzeit in vielen Berufen bessere [&hellip;]<\/p>\n","protected":false},"author":6,"featured_media":0,"parent":0,"menu_order":0,"comment_status":"closed","ping_status":"closed","template":"","meta":{"site-sidebar-layout":"no-sidebar","site-content-layout":"page-builder","ast-site-content-layout":"default","site-content-style":"default","site-sidebar-style":"default","ast-global-header-display":"","ast-banner-title-visibility":"","ast-main-header-display":"","ast-hfb-above-header-display":"","ast-hfb-below-header-display":"","ast-hfb-mobile-header-display":"","site-post-title":"disabled","ast-breadcrumbs-content":"","ast-featured-img":"disabled","footer-sml-layout":"","theme-transparent-header-meta":"default","adv-header-id-meta":"","stick-header-meta":"","header-above-stick-meta":"","header-main-stick-meta":"","header-below-stick-meta":"","astra-migrate-meta-layouts":"default","ast-page-background-enabled":"default","ast-page-background-meta":{"desktop":{"background-color":"var(--ast-global-color-4)","background-image":"","background-repeat":"repeat","background-position":"center center","background-size":"auto","background-attachment":"scroll","background-type":"","background-media":"","overlay-type":"","overlay-color":"","overlay-opacity":"","overlay-gradient":""},"tablet":{"background-color":"","background-image":"","background-repeat":"repeat","background-position":"center center","background-size":"auto","background-attachment":"scroll","background-type":"","background-media":"","overlay-type":"","overlay-color":"","overlay-opacity":"","overlay-gradient":""},"mobile":{"background-color":"","background-image":"","background-repeat":"repeat","background-position":"center center","background-size":"auto","background-attachment":"scroll","background-type":"","background-media":"","overlay-type":"","overlay-color":"","overlay-opacity":"","overlay-gradient":""}},"ast-content-background-meta":{"desktop":{"background-color":"var(--ast-global-color-5)","background-image":"","background-repeat":"repeat","background-position":"center center","background-size":"auto","background-attachment":"scroll","background-type":"","background-media":"","overlay-type":"","overlay-color":"","overlay-opacity":"","overlay-gradient":""},"tablet":{"background-color":"var(--ast-global-color-5)","background-image":"","background-repeat":"repeat","background-position":"center center","background-size":"auto","background-attachment":"scroll","background-type":"","background-media":"","overlay-type":"","overlay-color":"","overlay-opacity":"","overlay-gradient":""},"mobile":{"background-color":"var(--ast-global-color-5)","background-image":"","background-repeat":"repeat","background-position":"center center","background-size":"auto","background-attachment":"scroll","background-type":"","background-media":"","overlay-type":"","overlay-color":"","overlay-opacity":"","overlay-gradient":""}},"footnotes":""},"class_list":["post-8303","page","type-page","status-publish","hentry"],"jetpack_sharing_enabled":true,"_links":{"self":[{"href":"https:\/\/www.borg-murau.at\/web10\/wp-json\/wp\/v2\/pages\/8303","targetHints":{"allow":["GET"]}}],"collection":[{"href":"https:\/\/www.borg-murau.at\/web10\/wp-json\/wp\/v2\/pages"}],"about":[{"href":"https:\/\/www.borg-murau.at\/web10\/wp-json\/wp\/v2\/types\/page"}],"author":[{"embeddable":true,"href":"https:\/\/www.borg-murau.at\/web10\/wp-json\/wp\/v2\/users\/6"}],"replies":[{"embeddable":true,"href":"https:\/\/www.borg-murau.at\/web10\/wp-json\/wp\/v2\/comments?post=8303"}],"version-history":[{"count":0,"href":"https:\/\/www.borg-murau.at\/web10\/wp-json\/wp\/v2\/pages\/8303\/revisions"}],"wp:attachment":[{"href":"https:\/\/www.borg-murau.at\/web10\/wp-json\/wp\/v2\/media?parent=8303"}],"curies":[{"name":"wp","href":"https:\/\/api.w.org\/{rel}","templated":true}]}}