{"id":8779,"date":"2023-01-29T11:27:39","date_gmt":"2023-01-29T10:27:39","guid":{"rendered":"https:\/\/www.borg-murau.at\/web10\/?page_id=8779"},"modified":"2023-02-25T11:30:46","modified_gmt":"2023-02-25T10:30:46","slug":"weiterbildung_technik","status":"publish","type":"page","link":"https:\/\/www.borg-murau.at\/web10\/weiterbildung_technik\/","title":{"rendered":"Weiterbildung_Technik"},"content":{"rendered":"\t\t<div data-elementor-type=\"wp-page\" data-elementor-id=\"8779\" class=\"elementor elementor-8779\" data-elementor-post-type=\"page\">\n\t\t\t\t<div class=\"elementor-element elementor-element-3df8619 e-con-full e-flex e-con e-parent\" data-id=\"3df8619\" data-element_type=\"container\" data-e-type=\"container\">\n\t\t<div class=\"elementor-element elementor-element-f89ff6d e-con-full e-flex e-con e-parent\" data-id=\"f89ff6d\" data-element_type=\"container\" data-e-type=\"container\" data-settings=\"{&quot;background_background&quot;:&quot;classic&quot;}\">\n\t\t\t\t<div class=\"elementor-element elementor-element-ed0d23a elementor-widget elementor-widget-heading\" data-id=\"ed0d23a\" data-element_type=\"widget\" data-e-type=\"widget\" data-widget_type=\"heading.default\">\n\t\t\t\t\t<h2 class=\"elementor-heading-title elementor-size-default\">Spezielle Weiterbildungsm\u00f6glichkeiten<\/h2>\t\t\t\t<\/div>\n\t\t\t\t<\/div>\n\t\t\t\t<\/div>\n\t\t<div class=\"elementor-element elementor-element-ee18b31 e-con-full e-flex e-con e-parent\" data-id=\"ee18b31\" data-element_type=\"container\" data-e-type=\"container\" data-settings=\"{&quot;background_background&quot;:&quot;classic&quot;}\">\n\t\t<div class=\"elementor-element elementor-element-6d9b3b2 e-con-full e-flex e-con e-parent\" data-id=\"6d9b3b2\" data-element_type=\"container\" data-e-type=\"container\">\n\t\t\t\t<div class=\"elementor-element elementor-element-01a0762 elementor-widget elementor-widget-text-editor\" data-id=\"01a0762\" data-element_type=\"widget\" data-e-type=\"widget\" data-widget_type=\"text-editor.default\">\n\t\t\t\t\t\t\t\t\t<p><span style=\"color: #ffffff;\"><strong>Das Reifepr\u00fcfungszeugnis\u00a0 aller unserer Typen berechtigt zum Besuch s\u00e4mtlicher<\/strong><\/span><\/p><ul><li><span style=\"color: #ffffff;\">Universit\u00e4ten<\/span><\/li><li><span style=\"color: #ffffff;\">(Fach)Hochschulen<\/span><\/li><li><span style=\"color: #ffffff;\">Akademien<\/span><\/li><li><span style=\"color: #ffffff;\">Kurzstudienlehrg\u00e4nge<\/span><\/li><\/ul>\t\t\t\t\t\t\t\t<\/div>\n\t\t\t\t<\/div>\n\t\t<div class=\"elementor-element elementor-element-0df9559 e-con-full e-flex e-con e-parent\" data-id=\"0df9559\" data-element_type=\"container\" data-e-type=\"container\">\n\t\t\t\t<div class=\"elementor-element elementor-element-d17c71e elementor-widget elementor-widget-text-editor\" data-id=\"d17c71e\" data-element_type=\"widget\" data-e-type=\"widget\" data-widget_type=\"text-editor.default\">\n\t\t\t\t\t\t\t\t\t<h6><span style=\"color: #ffffff;\">Au\u00dferdem erm\u00f6glicht die AHS-Matura<\/span><\/h6><ul><li><span style=\"color: #ffffff;\">direkten Einstieg in die Berufswelt<\/span><\/li><li><span style=\"color: #ffffff;\">verk\u00fcrzte Lehrzeit in vielen Berufen<\/span><\/li><li><span style=\"color: #ffffff;\">bessere Aufstiegs- und Verdienstm\u00f6glichkeiten (z.B. Exekutive, \u00f6ffentlicher Dienst)<\/span><\/li><\/ul>\t\t\t\t\t\t\t\t<\/div>\n\t\t\t\t<\/div>\n\t\t\t\t<\/div>\n\t\t<div class=\"elementor-element elementor-element-fd78d01 e-con-full e-flex e-con e-parent\" data-id=\"fd78d01\" data-element_type=\"container\" data-e-type=\"container\">\n\t\t<div class=\"elementor-element elementor-element-ddc3835 e-con-full e-flex e-con e-parent\" data-id=\"ddc3835\" data-element_type=\"container\" data-e-type=\"container\">\n\t\t\t\t<div class=\"elementor-element elementor-element-cd2c85b elementor-widget elementor-widget-text-editor\" data-id=\"cd2c85b\" data-element_type=\"widget\" data-e-type=\"widget\" data-widget_type=\"text-editor.default\">\n\t\t\t\t\t\t\t\t\t<h4>Der TECHNIK-Zweig ist besonders geeignet f\u00fcr<\/h4><div><ul><li><strong>alle Studien an Technischen Universit\u00e4ten oder technischen Fachhochschulen<\/strong> wie: Maschinenbau, Elektrotechnik, Informatik, Telematik, Architektur, Bauplanung und Bauwirtschaft, Bauingenieurswesen und Baumanagement, Mechatronik, Mikrosystemtechnik, Robotik, Energie und Umweltmanagement, Nachhaltige Energiesysteme, Technische Mathematik&#8230;<\/li><li><strong>jedes naturwissenschaftliche Studium<\/strong> wie Mathematik, Physik, Chemie, Biologie&#8230;<\/li><li><strong>technische Kollegs und Lehrg\u00e4nge<\/strong> (2 Jahre) z.B.: Elektronik, Informationstechnik, Maschinenin-genieurswesen und Automatisierungstechnik, Bautechnik, Umwelttechnik, Bioanalytik, Biochemie, Softwareentwicklung, Medientechnik\u2026<\/li><\/ul><\/div>\t\t\t\t\t\t\t\t<\/div>\n\t\t\t\t<\/div>\n\t\t<div class=\"elementor-element elementor-element-9a3c43b e-con-full e-flex e-con e-parent\" data-id=\"9a3c43b\" data-element_type=\"container\" data-e-type=\"container\">\n\t\t\t\t<div class=\"elementor-element elementor-element-22a2da7 elementor-widget elementor-widget-text-editor\" data-id=\"22a2da7\" data-element_type=\"widget\" data-e-type=\"widget\" data-widget_type=\"text-editor.default\">\n\t\t\t\t\t\t\t\t\t<p><strong>Karriere mit Technik<\/strong><\/p><ul><li>Techniker und Technikerinnen aus s\u00e4mtlichen Sparten sind in der Wirtschaft und der Industrie im In- und Ausland gefragt<\/li><li>Hohe Einstiegsgeh\u00e4lter nach dem Besuch einer Technischen Universit\u00e4t oder einer technischen Fachhochschule<\/li><li>Techniker und Technikerin sind Berufe mit exzellenten Aufstiegsm\u00f6glichkeiten<\/li><\/ul><ul><li>FH Joanneum Graz: <a href=\"https:\/\/www.fh-joanneum.at\/studium\/department\/bauen-energie-und-gesellschaft\/\">Bauen, Energie und Gesellschaft<\/a><\/li><li>FH Joanneum Graz: <a href=\"https:\/\/www.fh-joanneum.at\/studium\/department\/engineering\/\">Engeneering<\/a><\/li><li>Verschiedenste technische Studien: <a href=\"https:\/\/www.tugraz.at\/studium\/studienangebot\/bachelorstudien\/ueberblick-bachelorstudien?utm_source=Google&amp;utm_medium=Suche&amp;utm_campaign=Bachelor_Allgemein_Oeterreich_2023&amp;gclid=EAIaIQobChMIpaOW2LWw_QIVz-J3Ch2_Sw7IEAAYASAAEgI8xPD_BwE\">TU Graz<\/a><\/li><li>TU Graz: <a href=\"https:\/\/www.tugraz.at\/studium\/studienangebot\/bachelorstudien\/biomedical-engineering\">Biomedical Engineering<\/a><\/li><li>TU Graz: <a href=\"https:\/\/www.tugraz.at\/studium\/studienangebot\/bachelorstudien\/chemie\">Chemie<\/a><\/li><li>TU Graz: <a href=\"https:\/\/www.tugraz.at\/studium\/studienangebot\/bachelorstudien\/elektrotechnik\">Elektrotechnik<\/a><\/li><li>Luftfahrt\/Aviation <a href=\"https:\/\/www.fh-joanneum.at\/luftfahrt\/bachelor\/\">FH Joanneum Graz<\/a><\/li><li>Architektur <a href=\"https:\/\/www.tugraz.at\/studium\/studienangebot\/bachelorstudien\/architektur\">TU Graz<\/a>, <a href=\"https:\/\/www.fh-joanneum.at\/architektur\/master\/\">FH Joanneum Graz<\/a><\/li><li>Universit\u00e4t Graz: <a href=\"https:\/\/www.uni-graz.at\/de\/studium\/bachelorstudien\/lehramt-sekundarstufe-allgemeinbildung\/\">Lehramtsstudien<\/a><\/li><\/ul>\t\t\t\t\t\t\t\t<\/div>\n\t\t\t\t<\/div>\n\t\t\t\t<\/div>\n\t\t\t\t<\/div>\n\t\t","protected":false},"excerpt":{"rendered":"<p>Spezielle Weiterbildungsm\u00f6glichkeiten Das Reifepr\u00fcfungszeugnis\u00a0 aller unserer Typen berechtigt zum Besuch s\u00e4mtlicher Universit\u00e4ten (Fach)Hochschulen Akademien Kurzstudienlehrg\u00e4nge Au\u00dferdem erm\u00f6glicht die AHS-Matura direkten Einstieg in die Berufswelt verk\u00fcrzte Lehrzeit in vielen Berufen bessere [&hellip;]<\/p>\n","protected":false},"author":6,"featured_media":0,"parent":0,"menu_order":0,"comment_status":"closed","ping_status":"closed","template":"","meta":{"site-sidebar-layout":"no-sidebar","site-content-layout":"page-builder","ast-site-content-layout":"default","site-content-style":"default","site-sidebar-style":"default","ast-global-header-display":"","ast-banner-title-visibility":"","ast-main-header-display":"","ast-hfb-above-header-display":"","ast-hfb-below-header-display":"","ast-hfb-mobile-header-display":"","site-post-title":"disabled","ast-breadcrumbs-content":"","ast-featured-img":"disabled","footer-sml-layout":"","ast-disable-related-posts":"","theme-transparent-header-meta":"","adv-header-id-meta":"","stick-header-meta":"","header-above-stick-meta":"","header-main-stick-meta":"","header-below-stick-meta":"","astra-migrate-meta-layouts":"default","ast-page-background-enabled":"default","ast-page-background-meta":{"desktop":{"background-color":"var(--ast-global-color-4)","background-image":"","background-repeat":"repeat","background-position":"center center","background-size":"auto","background-attachment":"scroll","background-type":"","background-media":"","overlay-type":"","overlay-color":"","overlay-opacity":"","overlay-gradient":""},"tablet":{"background-color":"","background-image":"","background-repeat":"repeat","background-position":"center center","background-size":"auto","background-attachment":"scroll","background-type":"","background-media":"","overlay-type":"","overlay-color":"","overlay-opacity":"","overlay-gradient":""},"mobile":{"background-color":"","background-image":"","background-repeat":"repeat","background-position":"center center","background-size":"auto","background-attachment":"scroll","background-type":"","background-media":"","overlay-type":"","overlay-color":"","overlay-opacity":"","overlay-gradient":""}},"ast-content-background-meta":{"desktop":{"background-color":"var(--ast-global-color-5)","background-image":"","background-repeat":"repeat","background-position":"center center","background-size":"auto","background-attachment":"scroll","background-type":"","background-media":"","overlay-type":"","overlay-color":"","overlay-opacity":"","overlay-gradient":""},"tablet":{"background-color":"var(--ast-global-color-5)","background-image":"","background-repeat":"repeat","background-position":"center center","background-size":"auto","background-attachment":"scroll","background-type":"","background-media":"","overlay-type":"","overlay-color":"","overlay-opacity":"","overlay-gradient":""},"mobile":{"background-color":"var(--ast-global-color-5)","background-image":"","background-repeat":"repeat","background-position":"center center","background-size":"auto","background-attachment":"scroll","background-type":"","background-media":"","overlay-type":"","overlay-color":"","overlay-opacity":"","overlay-gradient":""}},"footnotes":""},"class_list":["post-8779","page","type-page","status-publish","hentry"],"jetpack_sharing_enabled":true,"_links":{"self":[{"href":"https:\/\/www.borg-murau.at\/web10\/wp-json\/wp\/v2\/pages\/8779","targetHints":{"allow":["GET"]}}],"collection":[{"href":"https:\/\/www.borg-murau.at\/web10\/wp-json\/wp\/v2\/pages"}],"about":[{"href":"https:\/\/www.borg-murau.at\/web10\/wp-json\/wp\/v2\/types\/page"}],"author":[{"embeddable":true,"href":"https:\/\/www.borg-murau.at\/web10\/wp-json\/wp\/v2\/users\/6"}],"replies":[{"embeddable":true,"href":"https:\/\/www.borg-murau.at\/web10\/wp-json\/wp\/v2\/comments?post=8779"}],"version-history":[{"count":0,"href":"https:\/\/www.borg-murau.at\/web10\/wp-json\/wp\/v2\/pages\/8779\/revisions"}],"wp:attachment":[{"href":"https:\/\/www.borg-murau.at\/web10\/wp-json\/wp\/v2\/media?parent=8779"}],"curies":[{"name":"wp","href":"https:\/\/api.w.org\/{rel}","templated":true}]}}