{"id":8897,"date":"2023-01-29T15:19:58","date_gmt":"2023-01-29T14:19:58","guid":{"rendered":"https:\/\/www.borg-murau.at\/web10\/?page_id=8897"},"modified":"2023-02-25T11:18:01","modified_gmt":"2023-02-25T10:18:01","slug":"sport-weiterbildung","status":"publish","type":"page","link":"https:\/\/www.borg-murau.at\/web10\/sport-weiterbildung\/","title":{"rendered":"Sport-Weiterbildung"},"content":{"rendered":"\t\t<div data-elementor-type=\"wp-page\" data-elementor-id=\"8897\" class=\"elementor elementor-8897\" data-elementor-post-type=\"page\">\n\t\t\t\t<div class=\"elementor-element elementor-element-61dd214 e-con-full e-flex e-con e-parent\" data-id=\"61dd214\" data-element_type=\"container\" data-e-type=\"container\">\n\t\t<div class=\"elementor-element elementor-element-1e769d3 e-con-full e-flex e-con e-parent\" data-id=\"1e769d3\" data-element_type=\"container\" data-e-type=\"container\" data-settings=\"{&quot;background_background&quot;:&quot;classic&quot;}\">\n\t\t\t\t<div class=\"elementor-element elementor-element-63d165b elementor-widget elementor-widget-heading\" data-id=\"63d165b\" data-element_type=\"widget\" data-e-type=\"widget\" data-widget_type=\"heading.default\">\n\t\t\t\t\t<h2 class=\"elementor-heading-title elementor-size-default\">Spezielle Weiterbildungsm\u00f6glichkeiten<\/h2>\t\t\t\t<\/div>\n\t\t\t\t<\/div>\n\t\t\t\t<\/div>\n\t\t<div class=\"elementor-element elementor-element-37ab254 e-con-full e-flex e-con e-parent\" data-id=\"37ab254\" data-element_type=\"container\" data-e-type=\"container\" data-settings=\"{&quot;background_background&quot;:&quot;classic&quot;}\">\n\t\t<div class=\"elementor-element elementor-element-feea8a3 e-con-full e-flex e-con e-parent\" data-id=\"feea8a3\" data-element_type=\"container\" data-e-type=\"container\">\n\t\t\t\t<div class=\"elementor-element elementor-element-2254086 elementor-widget elementor-widget-text-editor\" data-id=\"2254086\" data-element_type=\"widget\" data-e-type=\"widget\" data-widget_type=\"text-editor.default\">\n\t\t\t\t\t\t\t\t\t<p><span style=\"color: #ffffff;\"><strong>Das Reifepr\u00fcfungszeugnis\u00a0 aller unserer Typen berechtigt zum Besuch s\u00e4mtlicher<\/strong><\/span><\/p><ul><li><span style=\"color: #ffffff;\">Universit\u00e4ten<\/span><\/li><li><span style=\"color: #ffffff;\">(Fach)Hochschulen<\/span><\/li><li><span style=\"color: #ffffff;\">Akademien<\/span><\/li><li><span style=\"color: #ffffff;\">Kurzstudienlehrg\u00e4nge<\/span><\/li><\/ul>\t\t\t\t\t\t\t\t<\/div>\n\t\t\t\t<\/div>\n\t\t<div class=\"elementor-element elementor-element-4265198 e-con-full e-flex e-con e-parent\" data-id=\"4265198\" data-element_type=\"container\" data-e-type=\"container\">\n\t\t\t\t<div class=\"elementor-element elementor-element-73b5d34 elementor-widget elementor-widget-text-editor\" data-id=\"73b5d34\" data-element_type=\"widget\" data-e-type=\"widget\" data-widget_type=\"text-editor.default\">\n\t\t\t\t\t\t\t\t\t<h6><span style=\"color: #ffffff;\">Au\u00dferdem erm\u00f6glicht die AHS-Matura<\/span><\/h6><ul><li><span style=\"color: #ffffff;\">direkten Einstieg in die Berufswelt<\/span><\/li><li><span style=\"color: #ffffff;\">verk\u00fcrzte Lehrzeit in vielen Berufen<\/span><\/li><li><span style=\"color: #ffffff;\">bessere Aufstiegs- und Verdienstm\u00f6glichkeiten (z.B. Exekutive, \u00f6ffentlicher Dienst)<\/span><\/li><\/ul>\t\t\t\t\t\t\t\t<\/div>\n\t\t\t\t<\/div>\n\t\t\t\t<\/div>\n\t\t<div class=\"elementor-element elementor-element-a20dcc0 e-con-full e-flex e-con e-parent\" data-id=\"a20dcc0\" data-element_type=\"container\" data-e-type=\"container\">\n\t\t<div class=\"elementor-element elementor-element-d20e02a e-con-full e-flex e-con e-parent\" data-id=\"d20e02a\" data-element_type=\"container\" data-e-type=\"container\">\n\t\t\t\t<div class=\"elementor-element elementor-element-26aaea7 elementor-widget elementor-widget-text-editor\" data-id=\"26aaea7\" data-element_type=\"widget\" data-e-type=\"widget\" data-widget_type=\"text-editor.default\">\n\t\t\t\t\t\t\t\t\t<h4>Der Sportzweig bietet eine optimale Vorbereitung auf die Studien<\/h4><ul><li>Sportwissenschaften,<\/li><li>Lehramt Bewegung und Sport,<\/li><li>Sportmedizin,<\/li><li>Physiotherapie,<\/li><li>uvm.<\/li><\/ul>\t\t\t\t\t\t\t\t<\/div>\n\t\t\t\t<\/div>\n\t\t<div class=\"elementor-element elementor-element-eb2ba7a e-con-full e-flex e-con e-parent\" data-id=\"eb2ba7a\" data-element_type=\"container\" data-e-type=\"container\">\n\t\t\t\t<div class=\"elementor-element elementor-element-832b0dc elementor-widget elementor-widget-text-editor\" data-id=\"832b0dc\" data-element_type=\"widget\" data-e-type=\"widget\" data-widget_type=\"text-editor.default\">\n\t\t\t\t\t\t\t\t\t<p>Du wirst auf verschiedene Instruktoren-, \u00dcbungsleiter- und Trainerausbildungen vorbereitet.<\/p>\t\t\t\t\t\t\t\t<\/div>\n\t\t\t\t<\/div>\n\t\t\t\t<\/div>\n\t\t\t\t<\/div>\n\t\t","protected":false},"excerpt":{"rendered":"<p>Spezielle Weiterbildungsm\u00f6glichkeiten Das Reifepr\u00fcfungszeugnis\u00a0 aller unserer Typen berechtigt zum Besuch s\u00e4mtlicher Universit\u00e4ten (Fach)Hochschulen Akademien Kurzstudienlehrg\u00e4nge Au\u00dferdem erm\u00f6glicht die AHS-Matura direkten Einstieg in die Berufswelt verk\u00fcrzte Lehrzeit in vielen Berufen bessere [&hellip;]<\/p>\n","protected":false},"author":6,"featured_media":0,"parent":0,"menu_order":0,"comment_status":"closed","ping_status":"closed","template":"","meta":{"site-sidebar-layout":"no-sidebar","site-content-layout":"page-builder","ast-site-content-layout":"default","site-content-style":"default","site-sidebar-style":"default","ast-global-header-display":"","ast-banner-title-visibility":"","ast-main-header-display":"","ast-hfb-above-header-display":"","ast-hfb-below-header-display":"","ast-hfb-mobile-header-display":"","site-post-title":"disabled","ast-breadcrumbs-content":"","ast-featured-img":"disabled","footer-sml-layout":"","ast-disable-related-posts":"","theme-transparent-header-meta":"default","adv-header-id-meta":"","stick-header-meta":"","header-above-stick-meta":"","header-main-stick-meta":"","header-below-stick-meta":"","astra-migrate-meta-layouts":"default","ast-page-background-enabled":"default","ast-page-background-meta":{"desktop":{"background-color":"var(--ast-global-color-4)","background-image":"","background-repeat":"repeat","background-position":"center center","background-size":"auto","background-attachment":"scroll","background-type":"","background-media":"","overlay-type":"","overlay-color":"","overlay-opacity":"","overlay-gradient":""},"tablet":{"background-color":"","background-image":"","background-repeat":"repeat","background-position":"center center","background-size":"auto","background-attachment":"scroll","background-type":"","background-media":"","overlay-type":"","overlay-color":"","overlay-opacity":"","overlay-gradient":""},"mobile":{"background-color":"","background-image":"","background-repeat":"repeat","background-position":"center center","background-size":"auto","background-attachment":"scroll","background-type":"","background-media":"","overlay-type":"","overlay-color":"","overlay-opacity":"","overlay-gradient":""}},"ast-content-background-meta":{"desktop":{"background-color":"var(--ast-global-color-5)","background-image":"","background-repeat":"repeat","background-position":"center center","background-size":"auto","background-attachment":"scroll","background-type":"","background-media":"","overlay-type":"","overlay-color":"","overlay-opacity":"","overlay-gradient":""},"tablet":{"background-color":"var(--ast-global-color-5)","background-image":"","background-repeat":"repeat","background-position":"center center","background-size":"auto","background-attachment":"scroll","background-type":"","background-media":"","overlay-type":"","overlay-color":"","overlay-opacity":"","overlay-gradient":""},"mobile":{"background-color":"var(--ast-global-color-5)","background-image":"","background-repeat":"repeat","background-position":"center center","background-size":"auto","background-attachment":"scroll","background-type":"","background-media":"","overlay-type":"","overlay-color":"","overlay-opacity":"","overlay-gradient":""}},"footnotes":""},"class_list":["post-8897","page","type-page","status-publish","hentry"],"jetpack_sharing_enabled":true,"_links":{"self":[{"href":"https:\/\/www.borg-murau.at\/web10\/wp-json\/wp\/v2\/pages\/8897","targetHints":{"allow":["GET"]}}],"collection":[{"href":"https:\/\/www.borg-murau.at\/web10\/wp-json\/wp\/v2\/pages"}],"about":[{"href":"https:\/\/www.borg-murau.at\/web10\/wp-json\/wp\/v2\/types\/page"}],"author":[{"embeddable":true,"href":"https:\/\/www.borg-murau.at\/web10\/wp-json\/wp\/v2\/users\/6"}],"replies":[{"embeddable":true,"href":"https:\/\/www.borg-murau.at\/web10\/wp-json\/wp\/v2\/comments?post=8897"}],"version-history":[{"count":0,"href":"https:\/\/www.borg-murau.at\/web10\/wp-json\/wp\/v2\/pages\/8897\/revisions"}],"wp:attachment":[{"href":"https:\/\/www.borg-murau.at\/web10\/wp-json\/wp\/v2\/media?parent=8897"}],"curies":[{"name":"wp","href":"https:\/\/api.w.org\/{rel}","templated":true}]}}